{"id":979,"date":"2017-12-06T10:31:34","date_gmt":"2017-12-06T09:31:34","guid":{"rendered":"https:\/\/www.pannastreetz.be\/que-faisons-nous\/panna-arena-kopen-of-huren\/"},"modified":"2020-04-27T15:53:36","modified_gmt":"2020-04-27T13:53:36","slug":"arenes-de-panna","status":"publish","type":"page","link":"https:\/\/www.pannastreetz.be\/fr\/que-faisons-nous\/arenes-de-panna\/","title":{"rendered":"AR\u00c8NES DE PANNA"},"content":{"rendered":"<div class=\"text-block\">\n<h2><\/h2>\n<p>Chez Panna Streetz, nous r\u00e9alisons nos propres ar\u00e8nes de panna. Le rapport qualit\u00e9\/prix est sans aucun doute le meilleur du march\u00e9 !<\/p>\n<p>Les propri\u00e9t\u00e9s les plus importantes de nos cages Panna Streetz:<\/p>\n<ul>\n<li><strong>Durabilit\u00e9<\/strong>: elles r\u00e9sistent tr\u00e8s bien dans le temps. Nous utilisons d\u2019ailleurs m\u00eame toujours nos premi\u00e8res ar\u00e8nes (vieilles de plus de 12 ans).<\/li>\n<li><strong>Easy set-up<\/strong>: construire notre ar\u00e8ne de panna ne prend que 10 minutes \u00e0 deux personnes.<\/li>\n<li><strong>Compacte pour le transport<\/strong>: l\u2019ar\u00e8ne mobile se compose de huit panneaux de 220 x 80 cm. Vous pouvez ainsi facilement les charger dans une camionnette ou une remorque.<\/li>\n<\/ul>\n<\/div>\n<div class=\"two-column\">\n<div class=\"row clearfix\">\n<div class=\"column col-md-6 col-sm-6 col-xs-12\">\n<figure class=\"image\"><a href=\"\/\/byxbqt.myraidbox.de\/wp-content\/uploads\/2017\/12\/570x330-Huwawei-RSCA.jpg\"><img loading=\"lazy\" decoding=\"async\" class=\"alignnone wp-image-514 size-full\" src=\"https:\/\/www.pannastreetz.be\/wp-content\/uploads\/2017\/12\/570x330-Huwawei-RSCA.jpg\" alt=\"2 vs 2 arena op RSCA-fandag\" width=\"570\" height=\"330\" srcset=\"https:\/\/www.pannastreetz.be\/wp-content\/uploads\/2017\/12\/570x330-Huwawei-RSCA.jpg 570w, https:\/\/www.pannastreetz.be\/wp-content\/uploads\/2017\/12\/570x330-Huwawei-RSCA-300x174.jpg 300w\" sizes=\"auto, (max-width: 570px) 100vw, 570px\" \/><\/a><\/figure>\n<\/div>\n<div class=\"column col-md-6 col-sm-6 col-xs-12\">\n<figure class=\"image\"><a href=\"\/\/byxbqt.myraidbox.de\/wp-content\/uploads\/2017\/12\/570x330-JIM.jpg\"><img loading=\"lazy\" decoding=\"async\" class=\"alignnone wp-image-517 size-full\" src=\"https:\/\/www.pannastreetz.be\/wp-content\/uploads\/2017\/12\/570x330-JIM.jpg\" alt=\"Jim Mobile arena\" width=\"570\" height=\"330\" srcset=\"https:\/\/www.pannastreetz.be\/wp-content\/uploads\/2017\/12\/570x330-JIM.jpg 570w, https:\/\/www.pannastreetz.be\/wp-content\/uploads\/2017\/12\/570x330-JIM-300x174.jpg 300w\" sizes=\"auto, (max-width: 570px) 100vw, 570px\" \/><\/a><\/figure>\n<\/div>\n<\/div>\n<\/div>\n<div class=\"text-block\"><\/div>\n<p>Nous disposons chez Panna Streetz de plusieurs ar\u00e8nes diff\u00e9rentes afin de pouvoir vous aider. Retrouvez ci-dessous toutes les propri\u00e9t\u00e9s en d\u00e9tail.<\/p>\n<ul>\n<li><strong>Terrain de panna mobile<\/strong>\n<ul>\n<li>Ar\u00e8ne ronde de 6 m de diam\u00e8tre<\/li>\n<li>Panneau en aluminium tr\u00e8s r\u00e9sistant dans le temps<\/li>\n<li>Pour int\u00e9rieur et ext\u00e9rieur<\/li>\n<li>Structure simple: montage en 10 minutes \u00e0 2 personnes<\/li>\n<li>Possibilit\u00e9 de d\u00e9corer int\u00e9gralement l\u2019ar\u00e8ne (avec des autocollants)<\/li>\n<li>Pack plus disponible: 4 panneaux droits afin de r\u00e9aliser un ovale de 6 m x 9 m<\/li>\n<\/ul>\n<\/li>\n<\/ul>\n<ul>\n<li><strong>Terrain de panna fixe<\/strong>\n<ul>\n<li>Ar\u00e8ne ronde de 6 m de diam\u00e8tre<\/li>\n<li>Panneau en aluminium tr\u00e8s r\u00e9sistant dans le temps<\/li>\n<li>Fait pour \u00eatre fix\u00e9 dans le sol. Id\u00e9al pour les places ou terrains de jeux<\/li>\n<li>Possibilit\u00e9 de d\u00e9corer int\u00e9gralement l\u2019ar\u00e8ne<\/li>\n<\/ul>\n<\/li>\n<\/ul>\n<ul>\n<li><strong>Autres terrains de football<\/strong>\n<ul>\n<li>Vous pouvez \u00e9galement opter chez nous pour d\u2019autres terrains de football comme des boardings gonflables de 12 x 20 m\u00e8tres ou des boardings mobiles de 1 m\u00e8tre de haut. Vous pouvez ainsi choisir vous-m\u00eame les dimensions du terrain.<\/li>\n<\/ul>\n<\/li>\n<\/ul>\n<p>N\u2019h\u00e9sitez pas \u00e0 prendre <a href=\"https:\/\/www.pannastreetz.be\/new\/nl\/contact\/\">contact<\/a>\u00a0avec nous si vous \u00eates int\u00e9ress\u00e9(e) par la location ou l\u2019achat d\u2019une ar\u00e8ne de panna.<\/p>\n<div class=\"three-column\">\n<div class=\"row clearfix\">\n<div class=\"column col-md-4 col-sm-6 col-xs-12\">\n<figure class=\"image\"><a href=\"\/\/byxbqt.myraidbox.de\/wp-content\/uploads\/2017\/12\/370x214-Decathlon.jpg\"><img loading=\"lazy\" decoding=\"async\" class=\"alignnone wp-image-521 size-full\" src=\"https:\/\/www.pannastreetz.be\/wp-content\/uploads\/2017\/12\/370x214-Decathlon.jpg\" alt=\"arena voor Decathlon\" width=\"370\" height=\"214\" srcset=\"https:\/\/www.pannastreetz.be\/wp-content\/uploads\/2017\/12\/370x214-Decathlon.jpg 370w, https:\/\/www.pannastreetz.be\/wp-content\/uploads\/2017\/12\/370x214-Decathlon-300x174.jpg 300w\" sizes=\"auto, (max-width: 370px) 100vw, 370px\" \/><\/a><\/figure>\n<\/div>\n<div class=\"column col-md-4 col-sm-6 col-xs-12\">\n<figure class=\"image\"><a href=\"\/\/byxbqt.myraidbox.de\/wp-content\/uploads\/2017\/12\/370x214-Sport-Magazine.jpg\"><img loading=\"lazy\" decoding=\"async\" class=\"alignnone wp-image-524 size-full\" src=\"https:\/\/www.pannastreetz.be\/wp-content\/uploads\/2017\/12\/370x214-Sport-Magazine.jpg\" alt=\"arena voor Sport Voetbalmagazine\" width=\"370\" height=\"214\" srcset=\"https:\/\/www.pannastreetz.be\/wp-content\/uploads\/2017\/12\/370x214-Sport-Magazine.jpg 370w, https:\/\/www.pannastreetz.be\/wp-content\/uploads\/2017\/12\/370x214-Sport-Magazine-300x174.jpg 300w\" sizes=\"auto, (max-width: 370px) 100vw, 370px\" \/><\/a><\/figure>\n<figure class=\"image\"><img loading=\"lazy\" decoding=\"async\" class=\"alignnone wp-image-904 size-medium\" src=\"https:\/\/www.pannastreetz.be\/wp-content\/uploads\/2018\/08\/214x370-EHS-174x300.jpg\" alt=\"arena Engie Street Heroes\" width=\"174\" height=\"300\" srcset=\"https:\/\/www.pannastreetz.be\/wp-content\/uploads\/2018\/08\/214x370-EHS-174x300.jpg 174w, https:\/\/www.pannastreetz.be\/wp-content\/uploads\/2018\/08\/214x370-EHS.jpg 214w\" sizes=\"auto, (max-width: 174px) 100vw, 174px\" \/><\/figure>\n<p>&nbsp;<\/p>\n<p>&nbsp;<\/p>\n<p>&nbsp;<\/p>\n<\/div>\n<\/div>\n<\/div>\n<p><span style=\"border-top-left-radius: 2px; border-top-right-radius: 2px; border-bottom-right-radius: 2px; border-bottom-left-radius: 2px; text-indent: 20px; width: auto; padding: 0px 4px 0px 0px; text-align: center; font-style: normal; font-variant-caps: normal; font-weight: bold; font-stretch: normal; font-size: 11px; line-height: 20px; font-family: 'Helvetica Neue', Helvetica, sans-serif; color: #ffffff; background-image: url(data:image\/svg+xml; base64,phn2zyb4bwxucz0iahr0cdovl3d3dy53my5vcmcvmjawmc9zdmciighlawdodd0imzbwecigd2lkdgg9ijmwchgiihzpzxdcb3g9ii0xic0xidmxidmxij48zz48cgf0acbkpsjnmjkundq5lde0ljy2mibdmjkundq5ldiyljcymiaymi44njgsmjkumju2ide0ljc1ldi5lji1nibdni42mzismjkumju2idaumduxldiyljcymiawlja1mswxnc42njigqzaumduxldyunjaxidyunjmyldaumdy3ide0ljc1ldaumdy3iemymi44njgsmc4wnjcgmjkundq5ldyunjaxidi5ljq0oswxnc42njiiigzpbgw9iinmzmyiihn0cm9rzt0ii2zmziigc3ryb2tllxdpzhropsixij48l3bhdgg+phbhdgggzd0itte0ljczmywxljy4nibdny41mtysms42odygms42njusny40otugms42njusmtqunjyyiemxljy2nswymc4xntkgns4xmdksmjquodu0idkuotcsmjyunzq0iem5ljg1niwyns43mtggos43ntmsmjqumtqzidewljaxniwymy4wmjigqzewlji1mywymi4wmsaxms41ndgsmtyuntcyidexlju0ocwxni41nzigqzexlju0ocwxni41nzigmteumtu3lde1ljc5nsaxms4xntcsmtqunjq2iemxms4xntcsmtiuodqyideyljixmswxms40otugmtmuntiyldexljq5nsbdmtqunjm3ldexljq5nsaxns4xnzusmtiumzi2ide1lje3nswxmy4zmjmgqze1lje3nswxnc40mzygmtqundyylde2ljegmtqumdkzlde3ljy0mybdmtmunzg1lde4ljkznsaxnc43ndusmtkuotg4ide2ljayocwxos45odggqze4ljm1mswxos45odggmjaumtm2lde3lju1niaymc4xmzysmtqumdq2iemymc4xmzysmtauotm5ide3ljg4ocw4ljc2nyaxnc42nzgsoc43njcgqzewljk1osw4ljc2nya4ljc3nywxms41mzygoc43nzcsmtqumzk4iem4ljc3nywxns41mtmgos4ymswxni43mdkgos43ndksmtcumzu5iem5ljg1niwxny40odggos44nzismtcunia5ljg0lde3ljczmsbdos43ndesmtgumtqxidkuntismtkumdizidkundc3lde5ljiwmybdos40miwxos40nca5lji4ocwxos40otegos4wncwxos4znzygqzcunda4lde4ljyymia2ljm4nywxni4yntigni4zodcsmtqumzq5iem2ljm4nywxmc4yntygos4zodmsni40otcgmtuumdiyldyundk3iemxos41ntusni40otcgmjmumdc4ldkunza1idizlja3ocwxmy45otegqzizlja3ocwxoc40njmgmjaumjm5ldiylja2miaxni4yotcsmjiumdyyiemxnc45nzmsmjiumdyyidezljcyocwyms4znzkgmtmumzayldiwlju3mibdmtmumzayldiwlju3miaxmi42ndcsmjmumdugmtiundg4ldizljy1nybdmtiumtkzldi0ljc4ncaxms4zotysmjyumtk2idewljg2mywyny4wntggqzeylja4niwyny40mzqgmtmumzg2ldi3ljyznyaxnc43mzmsmjcunjm3iemyms45nswyny42mzcgmjcuodaxldixljgyocayny44mdesmtqunjyyiemyny44mdesny40otugmjeuotusms42odygmtqunzmzldeunjg2iibmawxspsijymqwodfjij48l3bhdgg+pc9npjwvc3znpg==); background-size: 14px 14px; background-color: #bd081c; position: absolute; opacity: 1; z-index: 8675309; display: none; cursor: pointer; border: none; -webkit-font-smoothing: antialiased; top: 1647px; left: 30px; background-position: 3px 50%; background-repeat: no-repeat no-repeat;\">Bewaren<\/span><span style=\"border-top-left-radius: 2px; border-top-right-radius: 2px; border-bottom-right-radius: 2px; border-bottom-left-radius: 2px; text-indent: 20px; width: auto; padding: 0px 4px 0px 0px; text-align: center; font-style: normal; font-variant-caps: normal; font-weight: bold; font-stretch: normal; font-size: 11px; line-height: 20px; font-family: 'Helvetica Neue', Helvetica, sans-serif; color: #ffffff; background-image: url(data:image\/svg+xml; base64,phn2zyb4bwxucz0iahr0cdovl3d3dy53my5vcmcvmjawmc9zdmciighlawdodd0imzbwecigd2lkdgg9ijmwchgiihzpzxdcb3g9ii0xic0xidmxidmxij48zz48cgf0acbkpsjnmjkundq5lde0ljy2mibdmjkundq5ldiyljcymiaymi44njgsmjkumju2ide0ljc1ldi5lji1nibdni42mzismjkumju2idaumduxldiyljcymiawlja1mswxnc42njigqzaumduxldyunjaxidyunjmyldaumdy3ide0ljc1ldaumdy3iemymi44njgsmc4wnjcgmjkundq5ldyunjaxidi5ljq0oswxnc42njiiigzpbgw9iinmzmyiihn0cm9rzt0ii2zmziigc3ryb2tllxdpzhropsixij48l3bhdgg+phbhdgggzd0itte0ljczmywxljy4nibdny41mtysms42odygms42njusny40otugms42njusmtqunjyyiemxljy2nswymc4xntkgns4xmdksmjquodu0idkuotcsmjyunzq0iem5ljg1niwyns43mtggos43ntmsmjqumtqzidewljaxniwymy4wmjigqzewlji1mywymi4wmsaxms41ndgsmtyuntcyidexlju0ocwxni41nzigqzexlju0ocwxni41nzigmteumtu3lde1ljc5nsaxms4xntcsmtqunjq2iemxms4xntcsmtiuodqyideyljixmswxms40otugmtmuntiyldexljq5nsbdmtqunjm3ldexljq5nsaxns4xnzusmtiumzi2ide1lje3nswxmy4zmjmgqze1lje3nswxnc40mzygmtqundyylde2ljegmtqumdkzlde3ljy0mybdmtmunzg1lde4ljkznsaxnc43ndusmtkuotg4ide2ljayocwxos45odggqze4ljm1mswxos45odggmjaumtm2lde3lju1niaymc4xmzysmtqumdq2iemymc4xmzysmtauotm5ide3ljg4ocw4ljc2nyaxnc42nzgsoc43njcgqzewljk1osw4ljc2nya4ljc3nywxms41mzygoc43nzcsmtqumzk4iem4ljc3nywxns41mtmgos4ymswxni43mdkgos43ndksmtcumzu5iem5ljg1niwxny40odggos44nzismtcunia5ljg0lde3ljczmsbdos43ndesmtgumtqxidkuntismtkumdizidkundc3lde5ljiwmybdos40miwxos40nca5lji4ocwxos40otegos4wncwxos4znzygqzcunda4lde4ljyymia2ljm4nywxni4yntigni4zodcsmtqumzq5iem2ljm4nywxmc4yntygos4zodmsni40otcgmtuumdiyldyundk3iemxos41ntusni40otcgmjmumdc4ldkunza1idizlja3ocwxmy45otegqzizlja3ocwxoc40njmgmjaumjm5ldiylja2miaxni4yotcsmjiumdyyiemxnc45nzmsmjiumdyyidezljcyocwyms4znzkgmtmumzayldiwlju3mibdmtmumzayldiwlju3miaxmi42ndcsmjmumdugmtiundg4ldizljy1nybdmtiumtkzldi0ljc4ncaxms4zotysmjyumtk2idewljg2mywyny4wntggqzeylja4niwyny40mzqgmtmumzg2ldi3ljyznyaxnc43mzmsmjcunjm3iemyms45nswyny42mzcgmjcuodaxldixljgyocayny44mdesmtqunjyyiemyny44mdesny40otugmjeuotusms42odygmtqunzmzldeunjg2iibmawxspsijymqwodfjij48l3bhdgg+pc9npjwvc3znpg==); background-size: 14px 14px; background-color: #bd081c; position: absolute; opacity: 1; z-index: 8675309; display: none; cursor: pointer; border: none; -webkit-font-smoothing: antialiased; top: 1647px; left: 30px; background-position: 3px 50%; background-repeat: no-repeat no-repeat;\">Bewaren<\/span><\/p>\n","protected":false},"excerpt":{"rendered":"<p>Chez Panna Streetz, nous r\u00e9alisons nos propres ar\u00e8nes de panna. Le rapport qualit\u00e9\/prix est sans aucun doute le meilleur du march\u00e9 ! Les propri\u00e9t\u00e9s les plus importantes de nos cages Panna Streetz: Durabilit\u00e9: elles r\u00e9sistent tr\u00e8s bien dans le temps. Nous utilisons d\u2019ailleurs m\u00eame toujours nos premi\u00e8res ar\u00e8nes (vieilles de plus de 12 ans). Easy [&hellip;]<\/p>\n","protected":false},"author":2,"featured_media":0,"parent":150,"menu_order":3,"comment_status":"closed","ping_status":"closed","template":"","meta":{"_acf_changed":false,"_exactmetrics_skip_tracking":false,"_exactmetrics_sitenote_active":false,"_exactmetrics_sitenote_note":"","_exactmetrics_sitenote_category":0,"footnotes":""},"class_list":["post-979","page","type-page","status-publish","hentry"],"acf":[],"yoast_head":"<!-- This site is optimized with the Yoast SEO plugin v27.0 - https:\/\/yoast.com\/product\/yoast-seo-wordpress\/ -->\n<title>Panna arena kopen of huren? Ook hiervoor kan je terecht bij Panna Streetz<\/title>\n<meta name=\"description\" content=\"Panna arena kopen of huren? Wij hebben verschillende panna arena&#039;s waarmee we u verder kunnen helpen. Duurzaam, easy set-up, mobiel of vast. Ontdek ze hier!\" \/>\n<meta name=\"robots\" content=\"index, follow, max-snippet:-1, max-image-preview:large, max-video-preview:-1\" \/>\n<link rel=\"canonical\" href=\"https:\/\/www.pannastreetz.be\/fr\/que-faisons-nous\/arenes-de-panna\/\" \/>\n<meta property=\"og:locale\" content=\"fr_FR\" \/>\n<meta property=\"og:type\" content=\"article\" \/>\n<meta property=\"og:title\" content=\"Panna arena kopen of huren? Ook hiervoor kan je terecht bij Panna Streetz\" \/>\n<meta property=\"og:description\" content=\"Panna arena kopen of huren? Wij hebben verschillende panna arena&#039;s waarmee we u verder kunnen helpen. Duurzaam, easy set-up, mobiel of vast. Ontdek ze hier!\" \/>\n<meta property=\"og:url\" content=\"https:\/\/www.pannastreetz.be\/fr\/que-faisons-nous\/arenes-de-panna\/\" \/>\n<meta property=\"og:site_name\" content=\"Panna Streetz\" \/>\n<meta property=\"article:modified_time\" content=\"2020-04-27T13:53:36+00:00\" \/>\n<meta property=\"og:image\" content=\"https:\/\/www.pannastreetz.be\/wp-content\/uploads\/2017\/12\/570x330-Huwawei-RSCA.jpg\" \/>\n<meta name=\"twitter:card\" content=\"summary_large_image\" \/>\n<meta name=\"twitter:label1\" content=\"Dur\u00e9e de lecture estim\u00e9e\" \/>\n\t<meta name=\"twitter:data1\" content=\"2 minutes\" \/>\n<script type=\"application\/ld+json\" class=\"yoast-schema-graph\">{\"@context\":\"https:\/\/schema.org\",\"@graph\":[{\"@type\":\"WebPage\",\"@id\":\"https:\/\/www.pannastreetz.be\/fr\/que-faisons-nous\/arenes-de-panna\/\",\"url\":\"https:\/\/www.pannastreetz.be\/fr\/que-faisons-nous\/arenes-de-panna\/\",\"name\":\"Panna arena kopen of huren? Ook hiervoor kan je terecht bij Panna Streetz\",\"isPartOf\":{\"@id\":\"https:\/\/www.pannastreetz.be\/nl\/#website\"},\"primaryImageOfPage\":{\"@id\":\"https:\/\/www.pannastreetz.be\/fr\/que-faisons-nous\/arenes-de-panna\/#primaryimage\"},\"image\":{\"@id\":\"https:\/\/www.pannastreetz.be\/fr\/que-faisons-nous\/arenes-de-panna\/#primaryimage\"},\"thumbnailUrl\":\"https:\/\/www.pannastreetz.be\/wp-content\/uploads\/2017\/12\/570x330-Huwawei-RSCA.jpg\",\"datePublished\":\"2017-12-06T09:31:34+00:00\",\"dateModified\":\"2020-04-27T13:53:36+00:00\",\"description\":\"Panna arena kopen of huren? Wij hebben verschillende panna arena's waarmee we u verder kunnen helpen. Duurzaam, easy set-up, mobiel of vast. Ontdek ze hier!\",\"breadcrumb\":{\"@id\":\"https:\/\/www.pannastreetz.be\/fr\/que-faisons-nous\/arenes-de-panna\/#breadcrumb\"},\"inLanguage\":\"fr-FR\",\"potentialAction\":[{\"@type\":\"ReadAction\",\"target\":[\"https:\/\/www.pannastreetz.be\/fr\/que-faisons-nous\/arenes-de-panna\/\"]}]},{\"@type\":\"ImageObject\",\"inLanguage\":\"fr-FR\",\"@id\":\"https:\/\/www.pannastreetz.be\/fr\/que-faisons-nous\/arenes-de-panna\/#primaryimage\",\"url\":\"https:\/\/www.pannastreetz.be\/wp-content\/uploads\/2017\/12\/570x330-Huwawei-RSCA.jpg\",\"contentUrl\":\"https:\/\/www.pannastreetz.be\/wp-content\/uploads\/2017\/12\/570x330-Huwawei-RSCA.jpg\"},{\"@type\":\"BreadcrumbList\",\"@id\":\"https:\/\/www.pannastreetz.be\/fr\/que-faisons-nous\/arenes-de-panna\/#breadcrumb\",\"itemListElement\":[{\"@type\":\"ListItem\",\"position\":1,\"name\":\"Home\",\"item\":\"https:\/\/www.pannastreetz.be\/fr\/\"},{\"@type\":\"ListItem\",\"position\":2,\"name\":\"Que faisons-nous?\",\"item\":\"https:\/\/www.pannastreetz.be\/fr\/que-faisons-nous\/\"},{\"@type\":\"ListItem\",\"position\":3,\"name\":\"AR\u00c8NES DE PANNA\"}]},{\"@type\":\"WebSite\",\"@id\":\"https:\/\/www.pannastreetz.be\/nl\/#website\",\"url\":\"https:\/\/www.pannastreetz.be\/nl\/\",\"name\":\"Panna Streetz\",\"description\":\"\",\"potentialAction\":[{\"@type\":\"SearchAction\",\"target\":{\"@type\":\"EntryPoint\",\"urlTemplate\":\"https:\/\/www.pannastreetz.be\/nl\/?s={search_term_string}\"},\"query-input\":{\"@type\":\"PropertyValueSpecification\",\"valueRequired\":true,\"valueName\":\"search_term_string\"}}],\"inLanguage\":\"fr-FR\"}]}<\/script>\n<!-- \/ Yoast SEO plugin. -->","yoast_head_json":{"title":"Panna arena kopen of huren? Ook hiervoor kan je terecht bij Panna Streetz","description":"Panna arena kopen of huren? Wij hebben verschillende panna arena's waarmee we u verder kunnen helpen. Duurzaam, easy set-up, mobiel of vast. Ontdek ze hier!","robots":{"index":"index","follow":"follow","max-snippet":"max-snippet:-1","max-image-preview":"max-image-preview:large","max-video-preview":"max-video-preview:-1"},"canonical":"https:\/\/www.pannastreetz.be\/fr\/que-faisons-nous\/arenes-de-panna\/","og_locale":"fr_FR","og_type":"article","og_title":"Panna arena kopen of huren? Ook hiervoor kan je terecht bij Panna Streetz","og_description":"Panna arena kopen of huren? Wij hebben verschillende panna arena's waarmee we u verder kunnen helpen. Duurzaam, easy set-up, mobiel of vast. Ontdek ze hier!","og_url":"https:\/\/www.pannastreetz.be\/fr\/que-faisons-nous\/arenes-de-panna\/","og_site_name":"Panna Streetz","article_modified_time":"2020-04-27T13:53:36+00:00","og_image":[{"url":"https:\/\/www.pannastreetz.be\/wp-content\/uploads\/2017\/12\/570x330-Huwawei-RSCA.jpg","type":"","width":"","height":""}],"twitter_card":"summary_large_image","twitter_misc":{"Dur\u00e9e de lecture estim\u00e9e":"2 minutes"},"schema":{"@context":"https:\/\/schema.org","@graph":[{"@type":"WebPage","@id":"https:\/\/www.pannastreetz.be\/fr\/que-faisons-nous\/arenes-de-panna\/","url":"https:\/\/www.pannastreetz.be\/fr\/que-faisons-nous\/arenes-de-panna\/","name":"Panna arena kopen of huren? Ook hiervoor kan je terecht bij Panna Streetz","isPartOf":{"@id":"https:\/\/www.pannastreetz.be\/nl\/#website"},"primaryImageOfPage":{"@id":"https:\/\/www.pannastreetz.be\/fr\/que-faisons-nous\/arenes-de-panna\/#primaryimage"},"image":{"@id":"https:\/\/www.pannastreetz.be\/fr\/que-faisons-nous\/arenes-de-panna\/#primaryimage"},"thumbnailUrl":"https:\/\/www.pannastreetz.be\/wp-content\/uploads\/2017\/12\/570x330-Huwawei-RSCA.jpg","datePublished":"2017-12-06T09:31:34+00:00","dateModified":"2020-04-27T13:53:36+00:00","description":"Panna arena kopen of huren? Wij hebben verschillende panna arena's waarmee we u verder kunnen helpen. Duurzaam, easy set-up, mobiel of vast. Ontdek ze hier!","breadcrumb":{"@id":"https:\/\/www.pannastreetz.be\/fr\/que-faisons-nous\/arenes-de-panna\/#breadcrumb"},"inLanguage":"fr-FR","potentialAction":[{"@type":"ReadAction","target":["https:\/\/www.pannastreetz.be\/fr\/que-faisons-nous\/arenes-de-panna\/"]}]},{"@type":"ImageObject","inLanguage":"fr-FR","@id":"https:\/\/www.pannastreetz.be\/fr\/que-faisons-nous\/arenes-de-panna\/#primaryimage","url":"https:\/\/www.pannastreetz.be\/wp-content\/uploads\/2017\/12\/570x330-Huwawei-RSCA.jpg","contentUrl":"https:\/\/www.pannastreetz.be\/wp-content\/uploads\/2017\/12\/570x330-Huwawei-RSCA.jpg"},{"@type":"BreadcrumbList","@id":"https:\/\/www.pannastreetz.be\/fr\/que-faisons-nous\/arenes-de-panna\/#breadcrumb","itemListElement":[{"@type":"ListItem","position":1,"name":"Home","item":"https:\/\/www.pannastreetz.be\/fr\/"},{"@type":"ListItem","position":2,"name":"Que faisons-nous?","item":"https:\/\/www.pannastreetz.be\/fr\/que-faisons-nous\/"},{"@type":"ListItem","position":3,"name":"AR\u00c8NES DE PANNA"}]},{"@type":"WebSite","@id":"https:\/\/www.pannastreetz.be\/nl\/#website","url":"https:\/\/www.pannastreetz.be\/nl\/","name":"Panna Streetz","description":"","potentialAction":[{"@type":"SearchAction","target":{"@type":"EntryPoint","urlTemplate":"https:\/\/www.pannastreetz.be\/nl\/?s={search_term_string}"},"query-input":{"@type":"PropertyValueSpecification","valueRequired":true,"valueName":"search_term_string"}}],"inLanguage":"fr-FR"}]}},"_links":{"self":[{"href":"https:\/\/www.pannastreetz.be\/fr\/wp-json\/wp\/v2\/pages\/979","targetHints":{"allow":["GET"]}}],"collection":[{"href":"https:\/\/www.pannastreetz.be\/fr\/wp-json\/wp\/v2\/pages"}],"about":[{"href":"https:\/\/www.pannastreetz.be\/fr\/wp-json\/wp\/v2\/types\/page"}],"author":[{"embeddable":true,"href":"https:\/\/www.pannastreetz.be\/fr\/wp-json\/wp\/v2\/users\/2"}],"replies":[{"embeddable":true,"href":"https:\/\/www.pannastreetz.be\/fr\/wp-json\/wp\/v2\/comments?post=979"}],"version-history":[{"count":0,"href":"https:\/\/www.pannastreetz.be\/fr\/wp-json\/wp\/v2\/pages\/979\/revisions"}],"up":[{"embeddable":true,"href":"https:\/\/www.pannastreetz.be\/fr\/wp-json\/wp\/v2\/pages\/150"}],"wp:attachment":[{"href":"https:\/\/www.pannastreetz.be\/fr\/wp-json\/wp\/v2\/media?parent=979"}],"curies":[{"name":"wp","href":"https:\/\/api.w.org\/{rel}","templated":true}]}}