{"id":146,"date":"2017-06-23T07:03:31","date_gmt":"2017-06-23T07:03:31","guid":{"rendered":"http:\/\/localhost\/panna\/sample-page\/"},"modified":"2020-05-06T15:51:36","modified_gmt":"2020-05-06T13:51:36","slug":"sample-page","status":"publish","type":"page","link":"https:\/\/www.pannastreetz.be\/fr\/","title":{"rendered":"Home FR"},"content":{"rendered":"<h1><strong>Street football is a way of life.<\/strong><\/h1>\n<div class=\"text\"><\/div>\n<div class=\"link\">\n<p>Panna Streetz est la r\u00e9f\u00e9rence en termes d\u2019<a href=\"https:\/\/www.pannastreetz.be\/evenementen.php\">\u00e9v\u00e9nement<\/a><u>s<\/u> et d\u2019activit\u00e9s de panna, freestyle et football\u00a0de rue. Nous sommes actifs en Belgique depuis 2007 et avons jou\u00e9 un r\u00f4le important dans le d\u00e9veloppement de ces 3 sports en Europe.<\/p>\n<p>Au sein de la communaut\u00e9 du football de rue, Panna Streetz jouit \u00e9galement d\u2019une belle reconnaissance en tant que plate-forme <a href=\"https:\/\/www.pannastreetz.be\/media.php\">m\u00e9dia<\/a>, avec un grand nombre de fans sur\u00a0<a href=\"https:\/\/www.youtube.com\/user\/PannaStreetz\">YouTube<\/a>,\u00a0<a href=\"https:\/\/www.facebook.com\/PannaStreetz\/?fref=mentions\">Facebook<\/a> et\u00a0<a href=\"https:\/\/www.instagram.com\/pannastreetz\/\">Instagram.<\/a><\/p>\n<p>Si tu cherches une d\u00e9monstration ou un atelier de <a href=\"https:\/\/www.pannastreetz.be\/panna.php\">panna<\/a>,\u00a0<a href=\"https:\/\/www.pannastreetz.be\/freestyle.php\">freestyle<\/a>\u00a0ou de football de rue, tu es \u00e0 la bonne adresse ! Ce concept te permet une activation id\u00e9ale avec la culture de rue. Panna Streetz est la partie la plus exp\u00e9riment\u00e9e pour une activation sur mesure.<\/p>\n<p>Si tu es int\u00e9ress\u00e9(e) par l\u2019achat d\u2019un terrain de\u00a0<a href=\"https:\/\/www.pannastreetz.be\/veldjes.php\">panna<\/a>\u00a0(ar\u00e8ne), nous disposons \u00e9galement de solutions hautement qualitatives.<\/p>\n<p>Vous pouvez nous <a href=\"https:\/\/www.pannastreetz.be\/contact.php\">contacter<\/a> librement \u00e0 tout moment !<\/p>\n<\/div>\n","protected":false},"excerpt":{"rendered":"<p>Street football is a way of life. Panna Streetz est la r\u00e9f\u00e9rence en termes d\u2019\u00e9v\u00e9nements et d\u2019activit\u00e9s de panna, freestyle et football\u00a0de rue. Nous sommes actifs en Belgique depuis 2007 et avons jou\u00e9 un r\u00f4le important dans le d\u00e9veloppement de ces 3 sports en Europe. Au sein de la communaut\u00e9 du football de rue, Panna [&hellip;]<\/p>\n","protected":false},"author":2,"featured_media":0,"parent":0,"menu_order":0,"comment_status":"closed","ping_status":"closed","template":"template-home.php","meta":{"_acf_changed":false,"_exactmetrics_skip_tracking":false,"_exactmetrics_sitenote_active":false,"_exactmetrics_sitenote_note":"","_exactmetrics_sitenote_category":0,"footnotes":""},"class_list":["post-146","page","type-page","status-publish","hentry"],"acf":[],"yoast_head":"<!-- This site is optimized with the Yoast SEO plugin v27.0 - https:\/\/yoast.com\/product\/yoast-seo-wordpress\/ -->\n<title>Panna Streetz | De referentie op vlak vanfreestyle - en straatvoetbalactivaties<\/title>\n<meta name=\"robots\" content=\"index, follow, max-snippet:-1, max-image-preview:large, max-video-preview:-1\" \/>\n<link rel=\"canonical\" href=\"https:\/\/www.pannastreetz.be\/fr\/\" \/>\n<meta property=\"og:locale\" content=\"fr_FR\" \/>\n<meta property=\"og:type\" content=\"article\" \/>\n<meta property=\"og:title\" content=\"Panna Streetz | De referentie op vlak vanfreestyle - en straatvoetbalactivaties\" \/>\n<meta property=\"og:description\" content=\"Street football is a way of life. Panna Streetz est la r\u00e9f\u00e9rence en termes d\u2019\u00e9v\u00e9nements et d\u2019activit\u00e9s de panna, freestyle et football\u00a0de rue. Nous sommes actifs en Belgique depuis 2007 et avons jou\u00e9 un r\u00f4le important dans le d\u00e9veloppement de ces 3 sports en Europe. Au sein de la communaut\u00e9 du football de rue, Panna [&hellip;]\" \/>\n<meta property=\"og:url\" content=\"https:\/\/www.pannastreetz.be\/fr\/\" \/>\n<meta property=\"og:site_name\" content=\"Panna Streetz\" \/>\n<meta property=\"article:modified_time\" content=\"2020-05-06T13:51:36+00:00\" \/>\n<meta name=\"twitter:card\" content=\"summary_large_image\" \/>\n<meta name=\"twitter:label1\" content=\"Dur\u00e9e de lecture estim\u00e9e\" \/>\n\t<meta name=\"twitter:data1\" content=\"1 minute\" \/>\n<script type=\"application\/ld+json\" class=\"yoast-schema-graph\">{\"@context\":\"https:\/\/schema.org\",\"@graph\":[{\"@type\":\"WebPage\",\"@id\":\"https:\/\/www.pannastreetz.be\/fr\/\",\"url\":\"https:\/\/www.pannastreetz.be\/fr\/\",\"name\":\"Panna Streetz | De referentie op vlak vanfreestyle - en straatvoetbalactivaties\",\"isPartOf\":{\"@id\":\"https:\/\/www.pannastreetz.be\/nl\/#website\"},\"datePublished\":\"2017-06-23T07:03:31+00:00\",\"dateModified\":\"2020-05-06T13:51:36+00:00\",\"breadcrumb\":{\"@id\":\"https:\/\/www.pannastreetz.be\/fr\/#breadcrumb\"},\"inLanguage\":\"fr-FR\",\"potentialAction\":[{\"@type\":\"ReadAction\",\"target\":[\"https:\/\/www.pannastreetz.be\/fr\/\"]}]},{\"@type\":\"BreadcrumbList\",\"@id\":\"https:\/\/www.pannastreetz.be\/fr\/#breadcrumb\",\"itemListElement\":[{\"@type\":\"ListItem\",\"position\":1,\"name\":\"Home\",\"item\":\"https:\/\/www.pannastreetz.be\/fr\/\"},{\"@type\":\"ListItem\",\"position\":2,\"name\":\"Home FR\"}]},{\"@type\":\"WebSite\",\"@id\":\"https:\/\/www.pannastreetz.be\/nl\/#website\",\"url\":\"https:\/\/www.pannastreetz.be\/nl\/\",\"name\":\"Panna Streetz\",\"description\":\"\",\"potentialAction\":[{\"@type\":\"SearchAction\",\"target\":{\"@type\":\"EntryPoint\",\"urlTemplate\":\"https:\/\/www.pannastreetz.be\/nl\/?s={search_term_string}\"},\"query-input\":{\"@type\":\"PropertyValueSpecification\",\"valueRequired\":true,\"valueName\":\"search_term_string\"}}],\"inLanguage\":\"fr-FR\"}]}<\/script>\n<!-- \/ Yoast SEO plugin. -->","yoast_head_json":{"title":"Panna Streetz | De referentie op vlak vanfreestyle - en straatvoetbalactivaties","robots":{"index":"index","follow":"follow","max-snippet":"max-snippet:-1","max-image-preview":"max-image-preview:large","max-video-preview":"max-video-preview:-1"},"canonical":"https:\/\/www.pannastreetz.be\/fr\/","og_locale":"fr_FR","og_type":"article","og_title":"Panna Streetz | De referentie op vlak vanfreestyle - en straatvoetbalactivaties","og_description":"Street football is a way of life. Panna Streetz est la r\u00e9f\u00e9rence en termes d\u2019\u00e9v\u00e9nements et d\u2019activit\u00e9s de panna, freestyle et football\u00a0de rue. Nous sommes actifs en Belgique depuis 2007 et avons jou\u00e9 un r\u00f4le important dans le d\u00e9veloppement de ces 3 sports en Europe. Au sein de la communaut\u00e9 du football de rue, Panna [&hellip;]","og_url":"https:\/\/www.pannastreetz.be\/fr\/","og_site_name":"Panna Streetz","article_modified_time":"2020-05-06T13:51:36+00:00","twitter_card":"summary_large_image","twitter_misc":{"Dur\u00e9e de lecture estim\u00e9e":"1 minute"},"schema":{"@context":"https:\/\/schema.org","@graph":[{"@type":"WebPage","@id":"https:\/\/www.pannastreetz.be\/fr\/","url":"https:\/\/www.pannastreetz.be\/fr\/","name":"Panna Streetz | De referentie op vlak vanfreestyle - en straatvoetbalactivaties","isPartOf":{"@id":"https:\/\/www.pannastreetz.be\/nl\/#website"},"datePublished":"2017-06-23T07:03:31+00:00","dateModified":"2020-05-06T13:51:36+00:00","breadcrumb":{"@id":"https:\/\/www.pannastreetz.be\/fr\/#breadcrumb"},"inLanguage":"fr-FR","potentialAction":[{"@type":"ReadAction","target":["https:\/\/www.pannastreetz.be\/fr\/"]}]},{"@type":"BreadcrumbList","@id":"https:\/\/www.pannastreetz.be\/fr\/#breadcrumb","itemListElement":[{"@type":"ListItem","position":1,"name":"Home","item":"https:\/\/www.pannastreetz.be\/fr\/"},{"@type":"ListItem","position":2,"name":"Home FR"}]},{"@type":"WebSite","@id":"https:\/\/www.pannastreetz.be\/nl\/#website","url":"https:\/\/www.pannastreetz.be\/nl\/","name":"Panna Streetz","description":"","potentialAction":[{"@type":"SearchAction","target":{"@type":"EntryPoint","urlTemplate":"https:\/\/www.pannastreetz.be\/nl\/?s={search_term_string}"},"query-input":{"@type":"PropertyValueSpecification","valueRequired":true,"valueName":"search_term_string"}}],"inLanguage":"fr-FR"}]}},"_links":{"self":[{"href":"https:\/\/www.pannastreetz.be\/fr\/wp-json\/wp\/v2\/pages\/146","targetHints":{"allow":["GET"]}}],"collection":[{"href":"https:\/\/www.pannastreetz.be\/fr\/wp-json\/wp\/v2\/pages"}],"about":[{"href":"https:\/\/www.pannastreetz.be\/fr\/wp-json\/wp\/v2\/types\/page"}],"author":[{"embeddable":true,"href":"https:\/\/www.pannastreetz.be\/fr\/wp-json\/wp\/v2\/users\/2"}],"replies":[{"embeddable":true,"href":"https:\/\/www.pannastreetz.be\/fr\/wp-json\/wp\/v2\/comments?post=146"}],"version-history":[{"count":0,"href":"https:\/\/www.pannastreetz.be\/fr\/wp-json\/wp\/v2\/pages\/146\/revisions"}],"wp:attachment":[{"href":"https:\/\/www.pannastreetz.be\/fr\/wp-json\/wp\/v2\/media?parent=146"}],"curies":[{"name":"wp","href":"https:\/\/api.w.org\/{rel}","templated":true}]}}